{"id":113,"date":"2021-03-14T11:37:31","date_gmt":"2021-03-14T11:37:31","guid":{"rendered":"http:\/\/kosmetik-schorndorf.com\/?page_id=113"},"modified":"2024-01-22T16:15:19","modified_gmt":"2024-01-22T16:15:19","slug":"enthaarung","status":"publish","type":"page","link":"https:\/\/kosmetik-schorndorf.com\/?page_id=113","title":{"rendered":"Enthaarung mit Warmwachs"},"content":{"rendered":"\n<p>Spezielle Wachsenthaarung entfernt auch die feinsten H\u00e4rchen und sorgt f\u00fcr l\u00e4nger glatte Haut. <\/p>\n\n\n\n<div class=\"is-layout-flex wp-container-3 wp-block-columns\">\n<div class=\"is-layout-flow wp-block-column\">\n<p>Oberlippe \/ Kinn<br>Beine bis Knie \/ Beine komplett <br>Achseln<br>Bikini klassisch \/ Bikini komplett <br>Bikini klassisch und Oberschenkel<br>Brust oder R\u00fccken <br>   Wenig Behaarung<br>   Mittlere Behaarung<br>   Starke Behaarung<br>Arme<\/p>\n<\/div>\n\n\n\n<div class=\"is-layout-flow wp-block-column\">\n<p>15\u20ac<br>33 \/ 59\u20ac <br>18,50\u20ac <br>15,50\u20ac \/ 28\u20ac<br>27\u20ac <br>  <br>30\u20ac <br>35\u20ac<br>40\u20ac<br>26\u20ac<\/p>\n<\/div>\n<\/div>\n\n\n\n<figure class=\"wp-block-image size-large\"><img decoding=\"async\" loading=\"lazy\" width=\"852\" height=\"563\" src=\"http:\/\/kosmetik-schorndorf.com\/wp-content\/uploads\/2021\/02\/Fotolia_147947655_S.jpg\" alt=\"\" class=\"wp-image-21\" srcset=\"https:\/\/kosmetik-schorndorf.com\/wp-content\/uploads\/2021\/02\/Fotolia_147947655_S.jpg 852w, https:\/\/kosmetik-schorndorf.com\/wp-content\/uploads\/2021\/02\/Fotolia_147947655_S-300x198.jpg 300w, https:\/\/kosmetik-schorndorf.com\/wp-content\/uploads\/2021\/02\/Fotolia_147947655_S-768x507.jpg 768w\" sizes=\"(max-width: 852px) 100vw, 852px\" \/><figcaption class=\"wp-element-caption\">Ihre Experten f\u00fcr Haarentferung in Schorndorf: Enthaarung mit Warmwachs<\/figcaption><\/figure>\n","protected":false},"excerpt":{"rendered":"<p>Spezielle Wachsenthaarung entfernt auch die feinsten H\u00e4rchen und sorgt f\u00fcr l\u00e4nger glatte Haut. Oberlippe \/ KinnBeine bis Knie \/ Beine komplett AchselnBikini klassisch \/ Bikini komplett Bikini klassisch und OberschenkelBrust oder R\u00fccken Wenig Behaarung Mittlere Behaarung Starke BehaarungArme 15\u20ac33 \/ 59\u20ac 18,50\u20ac 15,50\u20ac \/ 28\u20ac27\u20ac 30\u20ac 35\u20ac40\u20ac26\u20ac<\/p>\n","protected":false},"author":1,"featured_media":0,"parent":0,"menu_order":0,"comment_status":"closed","ping_status":"closed","template":"","meta":{"_mi_skip_tracking":false},"yoast_head":"<!-- This site is optimized with the Yoast SEO plugin v20.1 - https:\/\/yoast.com\/wordpress\/plugins\/seo\/ -->\n<title>Enthaarung Schorndorf<\/title>\n<meta name=\"description\" content=\"Traumhaft glatte Haut f\u00fcr l\u00e4ngere Zeit, ohne l\u00e4stige H\u00e4rchen und Stoppeln? Ihre Experten f\u00fcr Enthaarung in Schorndorf beraten Sie gerne!\" \/>\n<meta name=\"robots\" content=\"index, follow, max-snippet:-1, max-image-preview:large, max-video-preview:-1\" \/>\n<link rel=\"canonical\" href=\"https:\/\/kosmetik-schorndorf.com\/?page_id=113\" \/>\n<meta property=\"og:locale\" content=\"de_DE\" \/>\n<meta property=\"og:type\" content=\"article\" \/>\n<meta property=\"og:title\" content=\"Enthaarung Schorndorf\" \/>\n<meta property=\"og:description\" content=\"Traumhaft glatte Haut f\u00fcr l\u00e4ngere Zeit, ohne l\u00e4stige H\u00e4rchen und Stoppeln? Ihre Experten f\u00fcr Enthaarung in Schorndorf beraten Sie gerne!\" \/>\n<meta property=\"og:url\" content=\"https:\/\/kosmetik-schorndorf.com\/?page_id=113\" \/>\n<meta property=\"og:site_name\" content=\"Kosmetik Schorndorf - AMICA Parf\u00fcmerie Bittel\" \/>\n<meta property=\"article:modified_time\" content=\"2024-01-22T16:15:19+00:00\" \/>\n<meta property=\"og:image\" content=\"http:\/\/kosmetik-schorndorf.com\/wp-content\/uploads\/2021\/02\/Fotolia_147947655_S.jpg\" \/>\n<meta name=\"twitter:card\" content=\"summary_large_image\" \/>\n<meta name=\"twitter:label1\" content=\"Gesch\u00e4tzte Lesezeit\" \/>\n\t<meta name=\"twitter:data1\" content=\"1\u00a0Minute\" \/>\n<script type=\"application\/ld+json\" class=\"yoast-schema-graph\">{\"@context\":\"https:\/\/schema.org\",\"@graph\":[{\"@type\":\"WebPage\",\"@id\":\"https:\/\/kosmetik-schorndorf.com\/?page_id=113\",\"url\":\"https:\/\/kosmetik-schorndorf.com\/?page_id=113\",\"name\":\"Enthaarung Schorndorf\",\"isPartOf\":{\"@id\":\"https:\/\/kosmetik-schorndorf.com\/#website\"},\"datePublished\":\"2021-03-14T11:37:31+00:00\",\"dateModified\":\"2024-01-22T16:15:19+00:00\",\"description\":\"Traumhaft glatte Haut f\u00fcr l\u00e4ngere Zeit, ohne l\u00e4stige H\u00e4rchen und Stoppeln? Ihre Experten f\u00fcr Enthaarung in Schorndorf beraten Sie gerne!\",\"breadcrumb\":{\"@id\":\"https:\/\/kosmetik-schorndorf.com\/?page_id=113#breadcrumb\"},\"inLanguage\":\"de\",\"potentialAction\":[{\"@type\":\"ReadAction\",\"target\":[\"https:\/\/kosmetik-schorndorf.com\/?page_id=113\"]}]},{\"@type\":\"BreadcrumbList\",\"@id\":\"https:\/\/kosmetik-schorndorf.com\/?page_id=113#breadcrumb\",\"itemListElement\":[{\"@type\":\"ListItem\",\"position\":1,\"name\":\"Startseite\",\"item\":\"https:\/\/kosmetik-schorndorf.com\/\"},{\"@type\":\"ListItem\",\"position\":2,\"name\":\"Enthaarung mit Warmwachs\"}]},{\"@type\":\"WebSite\",\"@id\":\"https:\/\/kosmetik-schorndorf.com\/#website\",\"url\":\"https:\/\/kosmetik-schorndorf.com\/\",\"name\":\"Kosmetik Schorndorf - AMICA Parf\u00fcmerie Bittel\",\"description\":\"\",\"publisher\":{\"@id\":\"https:\/\/kosmetik-schorndorf.com\/#organization\"},\"potentialAction\":[{\"@type\":\"SearchAction\",\"target\":{\"@type\":\"EntryPoint\",\"urlTemplate\":\"https:\/\/kosmetik-schorndorf.com\/?s={search_term_string}\"},\"query-input\":\"required name=search_term_string\"}],\"inLanguage\":\"de\"},{\"@type\":\"Organization\",\"@id\":\"https:\/\/kosmetik-schorndorf.com\/#organization\",\"name\":\"Kosmetik Schorndorf - AMICA Parf\u00fcmerie Bittel\",\"url\":\"https:\/\/kosmetik-schorndorf.com\/\",\"logo\":{\"@type\":\"ImageObject\",\"inLanguage\":\"de\",\"@id\":\"https:\/\/kosmetik-schorndorf.com\/#\/schema\/logo\/image\/\",\"url\":\"https:\/\/kosmetik-schorndorf.com\/wp-content\/uploads\/2021\/02\/cropped-Amica_Bittel_2c.jpg\",\"contentUrl\":\"https:\/\/kosmetik-schorndorf.com\/wp-content\/uploads\/2021\/02\/cropped-Amica_Bittel_2c.jpg\",\"width\":1392,\"height\":558,\"caption\":\"Kosmetik Schorndorf - AMICA Parf\u00fcmerie Bittel\"},\"image\":{\"@id\":\"https:\/\/kosmetik-schorndorf.com\/#\/schema\/logo\/image\/\"}}]}<\/script>\n<!-- \/ Yoast SEO plugin. -->","yoast_head_json":{"title":"Enthaarung Schorndorf","description":"Traumhaft glatte Haut f\u00fcr l\u00e4ngere Zeit, ohne l\u00e4stige H\u00e4rchen und Stoppeln? Ihre Experten f\u00fcr Enthaarung in Schorndorf beraten Sie gerne!","robots":{"index":"index","follow":"follow","max-snippet":"max-snippet:-1","max-image-preview":"max-image-preview:large","max-video-preview":"max-video-preview:-1"},"canonical":"https:\/\/kosmetik-schorndorf.com\/?page_id=113","og_locale":"de_DE","og_type":"article","og_title":"Enthaarung Schorndorf","og_description":"Traumhaft glatte Haut f\u00fcr l\u00e4ngere Zeit, ohne l\u00e4stige H\u00e4rchen und Stoppeln? Ihre Experten f\u00fcr Enthaarung in Schorndorf beraten Sie gerne!","og_url":"https:\/\/kosmetik-schorndorf.com\/?page_id=113","og_site_name":"Kosmetik Schorndorf - AMICA Parf\u00fcmerie Bittel","article_modified_time":"2024-01-22T16:15:19+00:00","og_image":[{"url":"http:\/\/kosmetik-schorndorf.com\/wp-content\/uploads\/2021\/02\/Fotolia_147947655_S.jpg"}],"twitter_card":"summary_large_image","twitter_misc":{"Gesch\u00e4tzte Lesezeit":"1\u00a0Minute"},"schema":{"@context":"https:\/\/schema.org","@graph":[{"@type":"WebPage","@id":"https:\/\/kosmetik-schorndorf.com\/?page_id=113","url":"https:\/\/kosmetik-schorndorf.com\/?page_id=113","name":"Enthaarung Schorndorf","isPartOf":{"@id":"https:\/\/kosmetik-schorndorf.com\/#website"},"datePublished":"2021-03-14T11:37:31+00:00","dateModified":"2024-01-22T16:15:19+00:00","description":"Traumhaft glatte Haut f\u00fcr l\u00e4ngere Zeit, ohne l\u00e4stige H\u00e4rchen und Stoppeln? Ihre Experten f\u00fcr Enthaarung in Schorndorf beraten Sie gerne!","breadcrumb":{"@id":"https:\/\/kosmetik-schorndorf.com\/?page_id=113#breadcrumb"},"inLanguage":"de","potentialAction":[{"@type":"ReadAction","target":["https:\/\/kosmetik-schorndorf.com\/?page_id=113"]}]},{"@type":"BreadcrumbList","@id":"https:\/\/kosmetik-schorndorf.com\/?page_id=113#breadcrumb","itemListElement":[{"@type":"ListItem","position":1,"name":"Startseite","item":"https:\/\/kosmetik-schorndorf.com\/"},{"@type":"ListItem","position":2,"name":"Enthaarung mit Warmwachs"}]},{"@type":"WebSite","@id":"https:\/\/kosmetik-schorndorf.com\/#website","url":"https:\/\/kosmetik-schorndorf.com\/","name":"Kosmetik Schorndorf - AMICA Parf\u00fcmerie Bittel","description":"","publisher":{"@id":"https:\/\/kosmetik-schorndorf.com\/#organization"},"potentialAction":[{"@type":"SearchAction","target":{"@type":"EntryPoint","urlTemplate":"https:\/\/kosmetik-schorndorf.com\/?s={search_term_string}"},"query-input":"required name=search_term_string"}],"inLanguage":"de"},{"@type":"Organization","@id":"https:\/\/kosmetik-schorndorf.com\/#organization","name":"Kosmetik Schorndorf - AMICA Parf\u00fcmerie Bittel","url":"https:\/\/kosmetik-schorndorf.com\/","logo":{"@type":"ImageObject","inLanguage":"de","@id":"https:\/\/kosmetik-schorndorf.com\/#\/schema\/logo\/image\/","url":"https:\/\/kosmetik-schorndorf.com\/wp-content\/uploads\/2021\/02\/cropped-Amica_Bittel_2c.jpg","contentUrl":"https:\/\/kosmetik-schorndorf.com\/wp-content\/uploads\/2021\/02\/cropped-Amica_Bittel_2c.jpg","width":1392,"height":558,"caption":"Kosmetik Schorndorf - AMICA Parf\u00fcmerie Bittel"},"image":{"@id":"https:\/\/kosmetik-schorndorf.com\/#\/schema\/logo\/image\/"}}]}},"_links":{"self":[{"href":"https:\/\/kosmetik-schorndorf.com\/index.php?rest_route=\/wp\/v2\/pages\/113"}],"collection":[{"href":"https:\/\/kosmetik-schorndorf.com\/index.php?rest_route=\/wp\/v2\/pages"}],"about":[{"href":"https:\/\/kosmetik-schorndorf.com\/index.php?rest_route=\/wp\/v2\/types\/page"}],"author":[{"embeddable":true,"href":"https:\/\/kosmetik-schorndorf.com\/index.php?rest_route=\/wp\/v2\/users\/1"}],"replies":[{"embeddable":true,"href":"https:\/\/kosmetik-schorndorf.com\/index.php?rest_route=%2Fwp%2Fv2%2Fcomments&post=113"}],"version-history":[{"count":5,"href":"https:\/\/kosmetik-schorndorf.com\/index.php?rest_route=\/wp\/v2\/pages\/113\/revisions"}],"predecessor-version":[{"id":346,"href":"https:\/\/kosmetik-schorndorf.com\/index.php?rest_route=\/wp\/v2\/pages\/113\/revisions\/346"}],"wp:attachment":[{"href":"https:\/\/kosmetik-schorndorf.com\/index.php?rest_route=%2Fwp%2Fv2%2Fmedia&parent=113"}],"curies":[{"name":"wp","href":"https:\/\/api.w.org\/{rel}","templated":true}]}}