{"id":132,"date":"2021-03-14T12:04:16","date_gmt":"2021-03-14T12:04:16","guid":{"rendered":"http:\/\/kosmetik-schorndorf.com\/?page_id=132"},"modified":"2024-01-22T15:23:36","modified_gmt":"2024-01-22T15:23:36","slug":"kosmetische-behandlungen","status":"publish","type":"page","link":"https:\/\/kosmetik-schorndorf.com\/?page_id=132","title":{"rendered":"Kosmetische Behandlungen"},"content":{"rendered":"\n<div class=\"is-layout-flex wp-container-4 wp-block-columns\">\n<div class=\"is-layout-flow wp-block-column\" style=\"flex-basis:100%\"><div class=\"wp-block-image\">\n<figure class=\"alignright size-large is-resized\"><img decoding=\"async\" loading=\"lazy\" src=\"http:\/\/kosmetik-schorndorf.com\/wp-content\/uploads\/2021\/03\/Fotolia_181128128_S.jpg\" alt=\"\" class=\"wp-image-149\" width=\"435\" height=\"289\" srcset=\"https:\/\/kosmetik-schorndorf.com\/wp-content\/uploads\/2021\/03\/Fotolia_181128128_S.jpg 850w, https:\/\/kosmetik-schorndorf.com\/wp-content\/uploads\/2021\/03\/Fotolia_181128128_S-300x199.jpg 300w, https:\/\/kosmetik-schorndorf.com\/wp-content\/uploads\/2021\/03\/Fotolia_181128128_S-768x510.jpg 768w\" sizes=\"(max-width: 435px) 100vw, 435px\" \/><\/figure><\/div>\n\n\n<div class=\"is-layout-flex wp-container-2 wp-block-columns\">\n<div class=\"is-layout-flow wp-block-column\">\n<p><strong>Klassische Verw\u00f6hnbehandlung<\/strong> &#8211; 85 Minuten Verw\u00f6hnzeit &#8211; 85\u20ac<br>Mit erlesenen Produkten bieten wir Ihnen eine Gesichtsbehandlung abgestimmt auf Ihr Hautbild und Ihre individuellen Hautbed\u00fcrfnisse.<\/p>\n\n\n\n<p><strong>Deluxe Behandlung  <\/strong>-115 Minuten Verw\u00f6hnzeit &#8211; 120\u20ac<br>Gesicht-Hals-Dekollet\u00e9<br>inkl. Wirkstoffserum und Spezialmaske<\/p>\n\n\n\n<p><strong>Premium Behandlung<\/strong> &#8211; 85 Minuten Verw\u00f6hnzeit &#8211; 100\u20ac<br>Gesicht-Hals-Dekollet\u00e9<br>inkl. Wirkstoffserum und Maske<\/p>\n\n\n\n<p><strong>Sophie&#8217;s Garden Premium Behandlung<\/strong> &#8211; 115 Minuten Verw\u00f6hnzeit &#8211; 160\u20ac<br>Luxuspflege f\u00fcr eine straffe, glatte, ungemein verfeinerte Haut, neue Energie und strahlend frische, pralle Haut. Der Cell Conductor Complex\u00ae ist in der Lage, Falten und Linien sichtbar aufzuf\u00fcllen sowie die gesamte Hautarchitektur zu st\u00e4rken, wodurch die Haut deutlich mehr Festigkeit und Dichte erh\u00e4lt.<\/p>\n\n\n\n<p><strong>Watermark Behandlung<\/strong> &#8211; 85 Minuten Verw\u00f6hnzeit &#8211; 130\u20ac<br>Unser Pflege Highlight: Eine Verw\u00f6hnbehandlung mit h\u00f6chst effektiven Hyaluron Produkten. Tiefenreinigung, Spray Booster, Wirk- stoffserum, Vliesmaske sowie Hals-Dekollet\u00e8 Gesichtsmassage.<\/p>\n\n\n\n<p><strong>Declare Behandlung<\/strong> &#8211; 85 Minuten Verw\u00f6hnzeit &#8211; 85\u20ac <br>individuell auf Ihre Hautbed\u00fcrfnisse abgestimmt mit Wirkstoffkonzentraten<\/p>\n\n\n\n<p><strong>Clarins<\/strong> &#8211; 60 Minuten Verw\u00f6hnzeit &#8211; 90\u20ac <br>Straffende und belebende Behandlung<br>mit Serum, Hals- und Augenmaske<\/p>\n\n\n\n<p><strong>B\u00f6rlind<\/strong> <br>\u201cNatur pur\u201d &#8211; Naturprodukte mit Serum &#8211;  85 Minuten Verw\u00f6hnzeit &#8211; 80\u20ac<br>mit System Biolifting Pflegeprodukten &#8211; 85 Minuten Verw\u00f6hnzeit &#8211; 90\u20ac<\/p>\n\n\n\n<p><strong>Clear Skin Behandlung<\/strong> &#8211; 55 Minuten Verw\u00f6hnzeit &#8211; 65\u20ac<\/p>\n\n\n\n<p>Der Reinigungsprofi f\u00fcr unreine Haut. Reinigung, Hautanalyse, Peeling, intensives Ausreinigen, beruhigende Gesichtsmaske, individuelle Abschlusspflege.<\/p>\n\n\n\n<p>Special f\u00fcr Sch\u00fcler und Studenten &#8211; 45\u20ac<\/p>\n\n\n\n<p><strong>Schneller Sch\u00f6nmacher<\/strong> &#8211; 55 Minuten Verw\u00f6hnzeit &#8211; 70\u20ac<\/p>\n\n\n\n<p>Intensive Powerbehandlung mit Hyaluron<br>Enzympeeling und feuchtigkeitsspendende Pflegeprodukte<\/p>\n\n\n\n<p><strong>Fruchts\u00e4urebehandlung<\/strong> &#8211; 60 Minuten &#8211; 80\u20ac<br>Hautverfeinernde Wirkung, verkleinert die Poren und wirkt ebenso gegen Aknenarben wie feinen F\u00e4ltchen entgegen.<\/p>\n\n\n\n<p><br><\/p>\n\n\n\n<h2>Apparative Kosmetik<\/h2>\n\n\n\n<p>Zu jeder Behandlung kombinierbar: <\/p>\n\n\n\n<p>Mikrodermabrasion &#8211; 25\u20ac<br>Vliesmaske (M2 \/ Clarins \/ Watermark) &#8211; 25\u20ac<br><\/p>\n\n\n\n<p><\/p>\n\n\n\n<p><\/p>\n<\/div>\n<\/div>\n<\/div>\n<\/div>\n","protected":false},"excerpt":{"rendered":"<p>Klassische Verw\u00f6hnbehandlung &#8211; 85 Minuten Verw\u00f6hnzeit &#8211; 85\u20acMit erlesenen Produkten bieten wir Ihnen eine Gesichtsbehandlung abgestimmt auf Ihr Hautbild und Ihre individuellen Hautbed\u00fcrfnisse. Deluxe Behandlung -115 Minuten Verw\u00f6hnzeit &#8211; 120\u20acGesicht-Hals-Dekollet\u00e9inkl. Wirkstoffserum und Spezialmaske Premium Behandlung &#8211; 85 Minuten Verw\u00f6hnzeit &#8211; 100\u20acGesicht-Hals-Dekollet\u00e9inkl. Wirkstoffserum und Maske Sophie&#8217;s Garden Premium Behandlung &#8211; 115 Minuten Verw\u00f6hnzeit &#8211; 160\u20acLuxuspflege f\u00fcr [&hellip;]<\/p>\n","protected":false},"author":1,"featured_media":0,"parent":0,"menu_order":0,"comment_status":"closed","ping_status":"closed","template":"","meta":{"_mi_skip_tracking":false},"yoast_head":"<!-- This site is optimized with the Yoast SEO plugin v20.1 - https:\/\/yoast.com\/wordpress\/plugins\/seo\/ -->\n<title>Kosmetische Behandlungen - Kosmetik Schorndorf - AMICA Parf\u00fcmerie Bittel<\/title>\n<meta name=\"robots\" content=\"index, follow, max-snippet:-1, max-image-preview:large, max-video-preview:-1\" \/>\n<link rel=\"canonical\" href=\"https:\/\/kosmetik-schorndorf.com\/?page_id=132\" \/>\n<meta property=\"og:locale\" content=\"de_DE\" \/>\n<meta property=\"og:type\" content=\"article\" \/>\n<meta property=\"og:title\" content=\"Kosmetische Behandlungen - Kosmetik Schorndorf - AMICA Parf\u00fcmerie Bittel\" \/>\n<meta property=\"og:description\" content=\"Klassische Verw\u00f6hnbehandlung &#8211; 85 Minuten Verw\u00f6hnzeit &#8211; 85\u20acMit erlesenen Produkten bieten wir Ihnen eine Gesichtsbehandlung abgestimmt auf Ihr Hautbild und Ihre individuellen Hautbed\u00fcrfnisse. Deluxe Behandlung -115 Minuten Verw\u00f6hnzeit &#8211; 120\u20acGesicht-Hals-Dekollet\u00e9inkl. Wirkstoffserum und Spezialmaske Premium Behandlung &#8211; 85 Minuten Verw\u00f6hnzeit &#8211; 100\u20acGesicht-Hals-Dekollet\u00e9inkl. Wirkstoffserum und Maske Sophie&#8217;s Garden Premium Behandlung &#8211; 115 Minuten Verw\u00f6hnzeit &#8211; 160\u20acLuxuspflege f\u00fcr [&hellip;]\" \/>\n<meta property=\"og:url\" content=\"https:\/\/kosmetik-schorndorf.com\/?page_id=132\" \/>\n<meta property=\"og:site_name\" content=\"Kosmetik Schorndorf - AMICA Parf\u00fcmerie Bittel\" \/>\n<meta property=\"article:modified_time\" content=\"2024-01-22T15:23:36+00:00\" \/>\n<meta property=\"og:image\" content=\"http:\/\/kosmetik-schorndorf.com\/wp-content\/uploads\/2021\/03\/Fotolia_181128128_S.jpg\" \/>\n<meta name=\"twitter:card\" content=\"summary_large_image\" \/>\n<meta name=\"twitter:label1\" content=\"Gesch\u00e4tzte Lesezeit\" \/>\n\t<meta name=\"twitter:data1\" content=\"2\u00a0Minuten\" \/>\n<script type=\"application\/ld+json\" class=\"yoast-schema-graph\">{\"@context\":\"https:\/\/schema.org\",\"@graph\":[{\"@type\":\"WebPage\",\"@id\":\"https:\/\/kosmetik-schorndorf.com\/?page_id=132\",\"url\":\"https:\/\/kosmetik-schorndorf.com\/?page_id=132\",\"name\":\"Kosmetische Behandlungen - Kosmetik Schorndorf - AMICA Parf\u00fcmerie Bittel\",\"isPartOf\":{\"@id\":\"https:\/\/kosmetik-schorndorf.com\/#website\"},\"datePublished\":\"2021-03-14T12:04:16+00:00\",\"dateModified\":\"2024-01-22T15:23:36+00:00\",\"breadcrumb\":{\"@id\":\"https:\/\/kosmetik-schorndorf.com\/?page_id=132#breadcrumb\"},\"inLanguage\":\"de\",\"potentialAction\":[{\"@type\":\"ReadAction\",\"target\":[\"https:\/\/kosmetik-schorndorf.com\/?page_id=132\"]}]},{\"@type\":\"BreadcrumbList\",\"@id\":\"https:\/\/kosmetik-schorndorf.com\/?page_id=132#breadcrumb\",\"itemListElement\":[{\"@type\":\"ListItem\",\"position\":1,\"name\":\"Startseite\",\"item\":\"https:\/\/kosmetik-schorndorf.com\/\"},{\"@type\":\"ListItem\",\"position\":2,\"name\":\"Kosmetische Behandlungen\"}]},{\"@type\":\"WebSite\",\"@id\":\"https:\/\/kosmetik-schorndorf.com\/#website\",\"url\":\"https:\/\/kosmetik-schorndorf.com\/\",\"name\":\"Kosmetik Schorndorf - AMICA Parf\u00fcmerie Bittel\",\"description\":\"\",\"publisher\":{\"@id\":\"https:\/\/kosmetik-schorndorf.com\/#organization\"},\"potentialAction\":[{\"@type\":\"SearchAction\",\"target\":{\"@type\":\"EntryPoint\",\"urlTemplate\":\"https:\/\/kosmetik-schorndorf.com\/?s={search_term_string}\"},\"query-input\":\"required name=search_term_string\"}],\"inLanguage\":\"de\"},{\"@type\":\"Organization\",\"@id\":\"https:\/\/kosmetik-schorndorf.com\/#organization\",\"name\":\"Kosmetik Schorndorf - AMICA Parf\u00fcmerie Bittel\",\"url\":\"https:\/\/kosmetik-schorndorf.com\/\",\"logo\":{\"@type\":\"ImageObject\",\"inLanguage\":\"de\",\"@id\":\"https:\/\/kosmetik-schorndorf.com\/#\/schema\/logo\/image\/\",\"url\":\"https:\/\/kosmetik-schorndorf.com\/wp-content\/uploads\/2021\/02\/cropped-Amica_Bittel_2c.jpg\",\"contentUrl\":\"https:\/\/kosmetik-schorndorf.com\/wp-content\/uploads\/2021\/02\/cropped-Amica_Bittel_2c.jpg\",\"width\":1392,\"height\":558,\"caption\":\"Kosmetik Schorndorf - AMICA Parf\u00fcmerie Bittel\"},\"image\":{\"@id\":\"https:\/\/kosmetik-schorndorf.com\/#\/schema\/logo\/image\/\"}}]}<\/script>\n<!-- \/ Yoast SEO plugin. -->","yoast_head_json":{"title":"Kosmetische Behandlungen - Kosmetik Schorndorf - AMICA Parf\u00fcmerie Bittel","robots":{"index":"index","follow":"follow","max-snippet":"max-snippet:-1","max-image-preview":"max-image-preview:large","max-video-preview":"max-video-preview:-1"},"canonical":"https:\/\/kosmetik-schorndorf.com\/?page_id=132","og_locale":"de_DE","og_type":"article","og_title":"Kosmetische Behandlungen - Kosmetik Schorndorf - AMICA Parf\u00fcmerie Bittel","og_description":"Klassische Verw\u00f6hnbehandlung &#8211; 85 Minuten Verw\u00f6hnzeit &#8211; 85\u20acMit erlesenen Produkten bieten wir Ihnen eine Gesichtsbehandlung abgestimmt auf Ihr Hautbild und Ihre individuellen Hautbed\u00fcrfnisse. Deluxe Behandlung -115 Minuten Verw\u00f6hnzeit &#8211; 120\u20acGesicht-Hals-Dekollet\u00e9inkl. Wirkstoffserum und Spezialmaske Premium Behandlung &#8211; 85 Minuten Verw\u00f6hnzeit &#8211; 100\u20acGesicht-Hals-Dekollet\u00e9inkl. Wirkstoffserum und Maske Sophie&#8217;s Garden Premium Behandlung &#8211; 115 Minuten Verw\u00f6hnzeit &#8211; 160\u20acLuxuspflege f\u00fcr [&hellip;]","og_url":"https:\/\/kosmetik-schorndorf.com\/?page_id=132","og_site_name":"Kosmetik Schorndorf - AMICA Parf\u00fcmerie Bittel","article_modified_time":"2024-01-22T15:23:36+00:00","og_image":[{"url":"http:\/\/kosmetik-schorndorf.com\/wp-content\/uploads\/2021\/03\/Fotolia_181128128_S.jpg"}],"twitter_card":"summary_large_image","twitter_misc":{"Gesch\u00e4tzte Lesezeit":"2\u00a0Minuten"},"schema":{"@context":"https:\/\/schema.org","@graph":[{"@type":"WebPage","@id":"https:\/\/kosmetik-schorndorf.com\/?page_id=132","url":"https:\/\/kosmetik-schorndorf.com\/?page_id=132","name":"Kosmetische Behandlungen - Kosmetik Schorndorf - AMICA Parf\u00fcmerie Bittel","isPartOf":{"@id":"https:\/\/kosmetik-schorndorf.com\/#website"},"datePublished":"2021-03-14T12:04:16+00:00","dateModified":"2024-01-22T15:23:36+00:00","breadcrumb":{"@id":"https:\/\/kosmetik-schorndorf.com\/?page_id=132#breadcrumb"},"inLanguage":"de","potentialAction":[{"@type":"ReadAction","target":["https:\/\/kosmetik-schorndorf.com\/?page_id=132"]}]},{"@type":"BreadcrumbList","@id":"https:\/\/kosmetik-schorndorf.com\/?page_id=132#breadcrumb","itemListElement":[{"@type":"ListItem","position":1,"name":"Startseite","item":"https:\/\/kosmetik-schorndorf.com\/"},{"@type":"ListItem","position":2,"name":"Kosmetische Behandlungen"}]},{"@type":"WebSite","@id":"https:\/\/kosmetik-schorndorf.com\/#website","url":"https:\/\/kosmetik-schorndorf.com\/","name":"Kosmetik Schorndorf - AMICA Parf\u00fcmerie Bittel","description":"","publisher":{"@id":"https:\/\/kosmetik-schorndorf.com\/#organization"},"potentialAction":[{"@type":"SearchAction","target":{"@type":"EntryPoint","urlTemplate":"https:\/\/kosmetik-schorndorf.com\/?s={search_term_string}"},"query-input":"required name=search_term_string"}],"inLanguage":"de"},{"@type":"Organization","@id":"https:\/\/kosmetik-schorndorf.com\/#organization","name":"Kosmetik Schorndorf - AMICA Parf\u00fcmerie Bittel","url":"https:\/\/kosmetik-schorndorf.com\/","logo":{"@type":"ImageObject","inLanguage":"de","@id":"https:\/\/kosmetik-schorndorf.com\/#\/schema\/logo\/image\/","url":"https:\/\/kosmetik-schorndorf.com\/wp-content\/uploads\/2021\/02\/cropped-Amica_Bittel_2c.jpg","contentUrl":"https:\/\/kosmetik-schorndorf.com\/wp-content\/uploads\/2021\/02\/cropped-Amica_Bittel_2c.jpg","width":1392,"height":558,"caption":"Kosmetik Schorndorf - AMICA Parf\u00fcmerie Bittel"},"image":{"@id":"https:\/\/kosmetik-schorndorf.com\/#\/schema\/logo\/image\/"}}]}},"_links":{"self":[{"href":"https:\/\/kosmetik-schorndorf.com\/index.php?rest_route=\/wp\/v2\/pages\/132"}],"collection":[{"href":"https:\/\/kosmetik-schorndorf.com\/index.php?rest_route=\/wp\/v2\/pages"}],"about":[{"href":"https:\/\/kosmetik-schorndorf.com\/index.php?rest_route=\/wp\/v2\/types\/page"}],"author":[{"embeddable":true,"href":"https:\/\/kosmetik-schorndorf.com\/index.php?rest_route=\/wp\/v2\/users\/1"}],"replies":[{"embeddable":true,"href":"https:\/\/kosmetik-schorndorf.com\/index.php?rest_route=%2Fwp%2Fv2%2Fcomments&post=132"}],"version-history":[{"count":10,"href":"https:\/\/kosmetik-schorndorf.com\/index.php?rest_route=\/wp\/v2\/pages\/132\/revisions"}],"predecessor-version":[{"id":326,"href":"https:\/\/kosmetik-schorndorf.com\/index.php?rest_route=\/wp\/v2\/pages\/132\/revisions\/326"}],"wp:attachment":[{"href":"https:\/\/kosmetik-schorndorf.com\/index.php?rest_route=%2Fwp%2Fv2%2Fmedia&parent=132"}],"curies":[{"name":"wp","href":"https:\/\/api.w.org\/{rel}","templated":true}]}}