{"id":136,"date":"2021-03-14T12:04:16","date_gmt":"2021-03-14T12:04:16","guid":{"rendered":"http:\/\/kosmetik-schorndorf.com\/?page_id=136"},"modified":"2024-01-22T15:49:47","modified_gmt":"2024-01-22T15:49:47","slug":"extras","status":"publish","type":"page","link":"https:\/\/kosmetik-schorndorf.com\/?page_id=136","title":{"rendered":"Extras"},"content":{"rendered":"\n<p>Zu jeder Behandlung k\u00f6nnen Sie folgende Extras buchen: <\/p>\n\n\n\n<p><strong>F\u00fcr sch\u00f6ne Augenblicke<\/strong><\/p>\n\n\n\n<p>Preis au\u00dferhalb \/ innerhalb der Behandlung<\/p>\n\n\n\n<div class=\"is-layout-flex wp-container-3 wp-block-columns\">\n<div class=\"is-layout-flow wp-block-column\">\n<p>Wimpern &amp; Augenbrauen f\u00e4rben und zupfen <br>Wimpern &amp; Augenbrauen f\u00e4rben<br>Augenbrauen f\u00e4rben und zupfen<\/p>\n\n\n\n<p>Wimpern f\u00e4rben<br>Augenbrauen f\u00e4rben <br>Augenbrauen zupfen \/ wachsen<\/p>\n\n\n\n<p>Wimperndauerwelle und f\u00e4rben<br>Wimperndauerwelle<\/p>\n\n\n\n<p>Wimpernlifting<br>Augenbrauenlifting<br>Wimpern- und Augenbrauenlifting<\/p>\n<\/div>\n\n\n\n<div class=\"is-layout-flow wp-block-column\">\n<p>35\u20ac<br>28\u20ac<br>25\u20ac<\/p>\n\n\n\n<p>18 \/ 12\u20ac <br>15 \/ 8\u20ac <br>13\u20ac<\/p>\n\n\n\n<p>55\u20ac \/ 50\u20ac <br>45\u20ac \/ 40\u20ac<\/p>\n\n\n\n<p>50\u20ac \/ 45\u20ac<br>40\u20ac<br>80\u20ac<\/p>\n<\/div>\n<\/div>\n\n\n\n<figure class=\"wp-block-image size-large\"><img decoding=\"async\" loading=\"lazy\" width=\"1024\" height=\"682\" src=\"https:\/\/kosmetik-schorndorf.com\/wp-content\/uploads\/2022\/07\/Fotolia_127870980_XL-1024x682.jpg\" alt=\"\" class=\"wp-image-243\" srcset=\"https:\/\/kosmetik-schorndorf.com\/wp-content\/uploads\/2022\/07\/Fotolia_127870980_XL-1024x682.jpg 1024w, https:\/\/kosmetik-schorndorf.com\/wp-content\/uploads\/2022\/07\/Fotolia_127870980_XL-300x200.jpg 300w, https:\/\/kosmetik-schorndorf.com\/wp-content\/uploads\/2022\/07\/Fotolia_127870980_XL-768x512.jpg 768w, https:\/\/kosmetik-schorndorf.com\/wp-content\/uploads\/2022\/07\/Fotolia_127870980_XL-1536x1024.jpg 1536w, https:\/\/kosmetik-schorndorf.com\/wp-content\/uploads\/2022\/07\/Fotolia_127870980_XL-2048x1365.jpg 2048w\" sizes=\"(max-width: 1024px) 100vw, 1024px\" \/><figcaption class=\"wp-element-caption\">Gepflegte Augen und ein strahlender Blick &#8211; f\u00fcr Ihre perfekte Ausstrahlung<\/figcaption><\/figure>\n","protected":false},"excerpt":{"rendered":"<p>Zu jeder Behandlung k\u00f6nnen Sie folgende Extras buchen: F\u00fcr sch\u00f6ne Augenblicke Preis au\u00dferhalb \/ innerhalb der Behandlung Wimpern &amp; Augenbrauen f\u00e4rben und zupfen Wimpern &amp; Augenbrauen f\u00e4rbenAugenbrauen f\u00e4rben und zupfen Wimpern f\u00e4rbenAugenbrauen f\u00e4rben Augenbrauen zupfen \/ wachsen Wimperndauerwelle und f\u00e4rbenWimperndauerwelle WimpernliftingAugenbrauenliftingWimpern- und Augenbrauenlifting 35\u20ac28\u20ac25\u20ac 18 \/ 12\u20ac 15 \/ 8\u20ac 13\u20ac 55\u20ac \/ 50\u20ac 45\u20ac [&hellip;]<\/p>\n","protected":false},"author":1,"featured_media":168,"parent":0,"menu_order":0,"comment_status":"closed","ping_status":"closed","template":"","meta":{"_mi_skip_tracking":false},"yoast_head":"<!-- This site is optimized with the Yoast SEO plugin v20.1 - https:\/\/yoast.com\/wordpress\/plugins\/seo\/ -->\n<title>Extras - Kosmetik Schorndorf - AMICA Parf\u00fcmerie Bittel<\/title>\n<meta name=\"robots\" content=\"index, follow, max-snippet:-1, max-image-preview:large, max-video-preview:-1\" \/>\n<link rel=\"canonical\" href=\"https:\/\/kosmetik-schorndorf.com\/?page_id=136\" \/>\n<meta property=\"og:locale\" content=\"de_DE\" \/>\n<meta property=\"og:type\" content=\"article\" \/>\n<meta property=\"og:title\" content=\"Extras - Kosmetik Schorndorf - AMICA Parf\u00fcmerie Bittel\" \/>\n<meta property=\"og:description\" content=\"Zu jeder Behandlung k\u00f6nnen Sie folgende Extras buchen: F\u00fcr sch\u00f6ne Augenblicke Preis au\u00dferhalb \/ innerhalb der Behandlung Wimpern &amp; Augenbrauen f\u00e4rben und zupfen Wimpern &amp; Augenbrauen f\u00e4rbenAugenbrauen f\u00e4rben und zupfen Wimpern f\u00e4rbenAugenbrauen f\u00e4rben Augenbrauen zupfen \/ wachsen Wimperndauerwelle und f\u00e4rbenWimperndauerwelle WimpernliftingAugenbrauenliftingWimpern- und Augenbrauenlifting 35\u20ac28\u20ac25\u20ac 18 \/ 12\u20ac 15 \/ 8\u20ac 13\u20ac 55\u20ac \/ 50\u20ac 45\u20ac [&hellip;]\" \/>\n<meta property=\"og:url\" content=\"https:\/\/kosmetik-schorndorf.com\/?page_id=136\" \/>\n<meta property=\"og:site_name\" content=\"Kosmetik Schorndorf - AMICA Parf\u00fcmerie Bittel\" \/>\n<meta property=\"article:modified_time\" content=\"2024-01-22T15:49:47+00:00\" \/>\n<meta property=\"og:image\" content=\"http:\/\/kosmetik-schorndorf.com\/wp-content\/uploads\/2021\/03\/Fotolia_122124375_XL-scaled.jpg\" \/>\n\t<meta property=\"og:image:width\" content=\"2560\" \/>\n\t<meta property=\"og:image:height\" content=\"1706\" \/>\n\t<meta property=\"og:image:type\" content=\"image\/jpeg\" \/>\n<meta name=\"twitter:card\" content=\"summary_large_image\" \/>\n<meta name=\"twitter:label1\" content=\"Gesch\u00e4tzte Lesezeit\" \/>\n\t<meta name=\"twitter:data1\" content=\"1\u00a0Minute\" \/>\n<script type=\"application\/ld+json\" class=\"yoast-schema-graph\">{\"@context\":\"https:\/\/schema.org\",\"@graph\":[{\"@type\":\"WebPage\",\"@id\":\"https:\/\/kosmetik-schorndorf.com\/?page_id=136\",\"url\":\"https:\/\/kosmetik-schorndorf.com\/?page_id=136\",\"name\":\"Extras - Kosmetik Schorndorf - AMICA Parf\u00fcmerie Bittel\",\"isPartOf\":{\"@id\":\"https:\/\/kosmetik-schorndorf.com\/#website\"},\"datePublished\":\"2021-03-14T12:04:16+00:00\",\"dateModified\":\"2024-01-22T15:49:47+00:00\",\"breadcrumb\":{\"@id\":\"https:\/\/kosmetik-schorndorf.com\/?page_id=136#breadcrumb\"},\"inLanguage\":\"de\",\"potentialAction\":[{\"@type\":\"ReadAction\",\"target\":[\"https:\/\/kosmetik-schorndorf.com\/?page_id=136\"]}]},{\"@type\":\"BreadcrumbList\",\"@id\":\"https:\/\/kosmetik-schorndorf.com\/?page_id=136#breadcrumb\",\"itemListElement\":[{\"@type\":\"ListItem\",\"position\":1,\"name\":\"Startseite\",\"item\":\"https:\/\/kosmetik-schorndorf.com\/\"},{\"@type\":\"ListItem\",\"position\":2,\"name\":\"Extras\"}]},{\"@type\":\"WebSite\",\"@id\":\"https:\/\/kosmetik-schorndorf.com\/#website\",\"url\":\"https:\/\/kosmetik-schorndorf.com\/\",\"name\":\"Kosmetik Schorndorf - AMICA Parf\u00fcmerie Bittel\",\"description\":\"\",\"publisher\":{\"@id\":\"https:\/\/kosmetik-schorndorf.com\/#organization\"},\"potentialAction\":[{\"@type\":\"SearchAction\",\"target\":{\"@type\":\"EntryPoint\",\"urlTemplate\":\"https:\/\/kosmetik-schorndorf.com\/?s={search_term_string}\"},\"query-input\":\"required name=search_term_string\"}],\"inLanguage\":\"de\"},{\"@type\":\"Organization\",\"@id\":\"https:\/\/kosmetik-schorndorf.com\/#organization\",\"name\":\"Kosmetik Schorndorf - AMICA Parf\u00fcmerie Bittel\",\"url\":\"https:\/\/kosmetik-schorndorf.com\/\",\"logo\":{\"@type\":\"ImageObject\",\"inLanguage\":\"de\",\"@id\":\"https:\/\/kosmetik-schorndorf.com\/#\/schema\/logo\/image\/\",\"url\":\"https:\/\/kosmetik-schorndorf.com\/wp-content\/uploads\/2021\/02\/cropped-Amica_Bittel_2c.jpg\",\"contentUrl\":\"https:\/\/kosmetik-schorndorf.com\/wp-content\/uploads\/2021\/02\/cropped-Amica_Bittel_2c.jpg\",\"width\":1392,\"height\":558,\"caption\":\"Kosmetik Schorndorf - AMICA Parf\u00fcmerie Bittel\"},\"image\":{\"@id\":\"https:\/\/kosmetik-schorndorf.com\/#\/schema\/logo\/image\/\"}}]}<\/script>\n<!-- \/ Yoast SEO plugin. -->","yoast_head_json":{"title":"Extras - Kosmetik Schorndorf - AMICA Parf\u00fcmerie Bittel","robots":{"index":"index","follow":"follow","max-snippet":"max-snippet:-1","max-image-preview":"max-image-preview:large","max-video-preview":"max-video-preview:-1"},"canonical":"https:\/\/kosmetik-schorndorf.com\/?page_id=136","og_locale":"de_DE","og_type":"article","og_title":"Extras - Kosmetik Schorndorf - AMICA Parf\u00fcmerie Bittel","og_description":"Zu jeder Behandlung k\u00f6nnen Sie folgende Extras buchen: F\u00fcr sch\u00f6ne Augenblicke Preis au\u00dferhalb \/ innerhalb der Behandlung Wimpern &amp; Augenbrauen f\u00e4rben und zupfen Wimpern &amp; Augenbrauen f\u00e4rbenAugenbrauen f\u00e4rben und zupfen Wimpern f\u00e4rbenAugenbrauen f\u00e4rben Augenbrauen zupfen \/ wachsen Wimperndauerwelle und f\u00e4rbenWimperndauerwelle WimpernliftingAugenbrauenliftingWimpern- und Augenbrauenlifting 35\u20ac28\u20ac25\u20ac 18 \/ 12\u20ac 15 \/ 8\u20ac 13\u20ac 55\u20ac \/ 50\u20ac 45\u20ac [&hellip;]","og_url":"https:\/\/kosmetik-schorndorf.com\/?page_id=136","og_site_name":"Kosmetik Schorndorf - AMICA Parf\u00fcmerie Bittel","article_modified_time":"2024-01-22T15:49:47+00:00","og_image":[{"width":2560,"height":1706,"url":"http:\/\/kosmetik-schorndorf.com\/wp-content\/uploads\/2021\/03\/Fotolia_122124375_XL-scaled.jpg","type":"image\/jpeg"}],"twitter_card":"summary_large_image","twitter_misc":{"Gesch\u00e4tzte Lesezeit":"1\u00a0Minute"},"schema":{"@context":"https:\/\/schema.org","@graph":[{"@type":"WebPage","@id":"https:\/\/kosmetik-schorndorf.com\/?page_id=136","url":"https:\/\/kosmetik-schorndorf.com\/?page_id=136","name":"Extras - Kosmetik Schorndorf - AMICA Parf\u00fcmerie Bittel","isPartOf":{"@id":"https:\/\/kosmetik-schorndorf.com\/#website"},"datePublished":"2021-03-14T12:04:16+00:00","dateModified":"2024-01-22T15:49:47+00:00","breadcrumb":{"@id":"https:\/\/kosmetik-schorndorf.com\/?page_id=136#breadcrumb"},"inLanguage":"de","potentialAction":[{"@type":"ReadAction","target":["https:\/\/kosmetik-schorndorf.com\/?page_id=136"]}]},{"@type":"BreadcrumbList","@id":"https:\/\/kosmetik-schorndorf.com\/?page_id=136#breadcrumb","itemListElement":[{"@type":"ListItem","position":1,"name":"Startseite","item":"https:\/\/kosmetik-schorndorf.com\/"},{"@type":"ListItem","position":2,"name":"Extras"}]},{"@type":"WebSite","@id":"https:\/\/kosmetik-schorndorf.com\/#website","url":"https:\/\/kosmetik-schorndorf.com\/","name":"Kosmetik Schorndorf - AMICA Parf\u00fcmerie Bittel","description":"","publisher":{"@id":"https:\/\/kosmetik-schorndorf.com\/#organization"},"potentialAction":[{"@type":"SearchAction","target":{"@type":"EntryPoint","urlTemplate":"https:\/\/kosmetik-schorndorf.com\/?s={search_term_string}"},"query-input":"required name=search_term_string"}],"inLanguage":"de"},{"@type":"Organization","@id":"https:\/\/kosmetik-schorndorf.com\/#organization","name":"Kosmetik Schorndorf - AMICA Parf\u00fcmerie Bittel","url":"https:\/\/kosmetik-schorndorf.com\/","logo":{"@type":"ImageObject","inLanguage":"de","@id":"https:\/\/kosmetik-schorndorf.com\/#\/schema\/logo\/image\/","url":"https:\/\/kosmetik-schorndorf.com\/wp-content\/uploads\/2021\/02\/cropped-Amica_Bittel_2c.jpg","contentUrl":"https:\/\/kosmetik-schorndorf.com\/wp-content\/uploads\/2021\/02\/cropped-Amica_Bittel_2c.jpg","width":1392,"height":558,"caption":"Kosmetik Schorndorf - AMICA Parf\u00fcmerie Bittel"},"image":{"@id":"https:\/\/kosmetik-schorndorf.com\/#\/schema\/logo\/image\/"}}]}},"_links":{"self":[{"href":"https:\/\/kosmetik-schorndorf.com\/index.php?rest_route=\/wp\/v2\/pages\/136"}],"collection":[{"href":"https:\/\/kosmetik-schorndorf.com\/index.php?rest_route=\/wp\/v2\/pages"}],"about":[{"href":"https:\/\/kosmetik-schorndorf.com\/index.php?rest_route=\/wp\/v2\/types\/page"}],"author":[{"embeddable":true,"href":"https:\/\/kosmetik-schorndorf.com\/index.php?rest_route=\/wp\/v2\/users\/1"}],"replies":[{"embeddable":true,"href":"https:\/\/kosmetik-schorndorf.com\/index.php?rest_route=%2Fwp%2Fv2%2Fcomments&post=136"}],"version-history":[{"count":7,"href":"https:\/\/kosmetik-schorndorf.com\/index.php?rest_route=\/wp\/v2\/pages\/136\/revisions"}],"predecessor-version":[{"id":332,"href":"https:\/\/kosmetik-schorndorf.com\/index.php?rest_route=\/wp\/v2\/pages\/136\/revisions\/332"}],"wp:featuredmedia":[{"embeddable":true,"href":"https:\/\/kosmetik-schorndorf.com\/index.php?rest_route=\/wp\/v2\/media\/168"}],"wp:attachment":[{"href":"https:\/\/kosmetik-schorndorf.com\/index.php?rest_route=%2Fwp%2Fv2%2Fmedia&parent=136"}],"curies":[{"name":"wp","href":"https:\/\/api.w.org\/{rel}","templated":true}]}}