{"id":32,"date":"2021-02-10T20:55:49","date_gmt":"2021-02-10T20:55:49","guid":{"rendered":"http:\/\/kosmetik-schorndorf.com\/?page_id=32"},"modified":"2024-01-22T16:06:22","modified_gmt":"2024-01-22T16:06:22","slug":"make-up","status":"publish","type":"page","link":"https:\/\/kosmetik-schorndorf.com\/?page_id=32","title":{"rendered":"Make-up"},"content":{"rendered":"\n<p>Ihre Make-up Experten in Schorndorf f\u00fcr jeden Anlass: Alltag, Business oder gar die eigene Hochzeit? Wir haben das passende Angebot f\u00fcr Sie! <\/p>\n\n\n\n<p>Make-up gibt uns Selbstbewusstsein, gibt einem Outfit den letzten Schliff oder passt sich dem Anlass an. Tutorials auf YouTube, neue Marken verschiedener Make-up Artisten oder neue Stars und Influencer rund um faszinierende Techniken, den eigenen Look zu ver\u00e4ndern sind heute omnipr\u00e4sent. Aber wissen Sie wirklich, wie es geht?<\/p>\n\n\n\n<p>Lassen Sie sich von unseren Experten beraten, welcher Look f\u00fcr Sie der richtige ist oder seien Sie mit einem\u00a0<a href=\"https:\/\/kosmetik-schorndorf.com\/?page_id=104\">Make-up vom Profi<\/a>\u00a0f\u00fcr den besonderen Anlass sicher, perfekt auszusehen. Selbstverst\u00e4ndlich bieten wir auch den besonderen Service f\u00fcr\u00a0<a href=\"https:\/\/kosmetik-schorndorf.com\/?page_id=104\">Hochzeits-Make-ups.<\/a><\/p>\n\n\n\n<p>Wenn Sie lieber selbst zum Profi werden m\u00f6chten: belegen Sie einen unserer\u00a0<a href=\"https:\/\/kosmetik-schorndorf.com\/wp-content\/uploads\/2021\/02\/Fotolia_165464340_S.jpg\">Schminkkurse<\/a>\u00a0und lassen Sie sich individuell beraten oder genie\u00dfen Sie einen Make-up Abend mit Freundinnen.<\/p>\n\n\n\n<figure class=\"wp-block-image size-full\"><img decoding=\"async\" loading=\"lazy\" width=\"625\" height=\"936\" src=\"https:\/\/kosmetik-schorndorf.com\/wp-content\/uploads\/2024\/01\/AdobeStock_336180390-Kopie.jpeg\" alt=\"\" class=\"wp-image-341\" srcset=\"https:\/\/kosmetik-schorndorf.com\/wp-content\/uploads\/2024\/01\/AdobeStock_336180390-Kopie.jpeg 625w, https:\/\/kosmetik-schorndorf.com\/wp-content\/uploads\/2024\/01\/AdobeStock_336180390-Kopie-200x300.jpeg 200w\" sizes=\"(max-width: 625px) 100vw, 625px\" \/><figcaption class=\"wp-element-caption\">Wir bringen Ihr sch\u00f6nstes Ich zum Vorschein: Ihre Make-up Experten in Schorndorf<\/figcaption><\/figure>\n","protected":false},"excerpt":{"rendered":"<p>Ihre Make-up Experten in Schorndorf f\u00fcr jeden Anlass: Alltag, Business oder gar die eigene Hochzeit? Wir haben das passende Angebot f\u00fcr Sie! Make-up gibt uns Selbstbewusstsein, gibt einem Outfit den letzten Schliff oder passt sich dem Anlass an. Tutorials auf YouTube, neue Marken verschiedener Make-up Artisten oder neue Stars und Influencer rund um faszinierende Techniken, [&hellip;]<\/p>\n","protected":false},"author":1,"featured_media":0,"parent":0,"menu_order":0,"comment_status":"closed","ping_status":"closed","template":"","meta":{"_mi_skip_tracking":false},"yoast_head":"<!-- This site is optimized with the Yoast SEO plugin v20.1 - https:\/\/yoast.com\/wordpress\/plugins\/seo\/ -->\n<title>Make-up Schorndorf<\/title>\n<meta name=\"description\" content=\"Ihre Experten f\u00fcr professionelles Make-up in Schorndorf: Tages-Make-up, Typberatung, Braut Make-up und vieles mehr\" \/>\n<meta name=\"robots\" content=\"index, follow, max-snippet:-1, max-image-preview:large, max-video-preview:-1\" \/>\n<link rel=\"canonical\" href=\"https:\/\/kosmetik-schorndorf.com\/?page_id=32\" \/>\n<meta property=\"og:locale\" content=\"de_DE\" \/>\n<meta property=\"og:type\" content=\"article\" \/>\n<meta property=\"og:title\" content=\"Make-up Schorndorf\" \/>\n<meta property=\"og:description\" content=\"Ihre Experten f\u00fcr professionelles Make-up in Schorndorf: Tages-Make-up, Typberatung, Braut Make-up und vieles mehr\" \/>\n<meta property=\"og:url\" content=\"https:\/\/kosmetik-schorndorf.com\/?page_id=32\" \/>\n<meta property=\"og:site_name\" content=\"Kosmetik Schorndorf - AMICA Parf\u00fcmerie Bittel\" \/>\n<meta property=\"article:modified_time\" content=\"2024-01-22T16:06:22+00:00\" \/>\n<meta property=\"og:image\" content=\"https:\/\/kosmetik-schorndorf.com\/wp-content\/uploads\/2024\/01\/AdobeStock_336180390-Kopie.jpeg\" \/>\n<meta name=\"twitter:card\" content=\"summary_large_image\" \/>\n<meta name=\"twitter:label1\" content=\"Gesch\u00e4tzte Lesezeit\" \/>\n\t<meta name=\"twitter:data1\" content=\"2\u00a0Minuten\" \/>\n<script type=\"application\/ld+json\" class=\"yoast-schema-graph\">{\"@context\":\"https:\/\/schema.org\",\"@graph\":[{\"@type\":\"WebPage\",\"@id\":\"https:\/\/kosmetik-schorndorf.com\/?page_id=32\",\"url\":\"https:\/\/kosmetik-schorndorf.com\/?page_id=32\",\"name\":\"Make-up Schorndorf\",\"isPartOf\":{\"@id\":\"https:\/\/kosmetik-schorndorf.com\/#website\"},\"datePublished\":\"2021-02-10T20:55:49+00:00\",\"dateModified\":\"2024-01-22T16:06:22+00:00\",\"description\":\"Ihre Experten f\u00fcr professionelles Make-up in Schorndorf: Tages-Make-up, Typberatung, Braut Make-up und vieles mehr\",\"breadcrumb\":{\"@id\":\"https:\/\/kosmetik-schorndorf.com\/?page_id=32#breadcrumb\"},\"inLanguage\":\"de\",\"potentialAction\":[{\"@type\":\"ReadAction\",\"target\":[\"https:\/\/kosmetik-schorndorf.com\/?page_id=32\"]}]},{\"@type\":\"BreadcrumbList\",\"@id\":\"https:\/\/kosmetik-schorndorf.com\/?page_id=32#breadcrumb\",\"itemListElement\":[{\"@type\":\"ListItem\",\"position\":1,\"name\":\"Startseite\",\"item\":\"https:\/\/kosmetik-schorndorf.com\/\"},{\"@type\":\"ListItem\",\"position\":2,\"name\":\"Make-up\"}]},{\"@type\":\"WebSite\",\"@id\":\"https:\/\/kosmetik-schorndorf.com\/#website\",\"url\":\"https:\/\/kosmetik-schorndorf.com\/\",\"name\":\"Kosmetik Schorndorf - AMICA Parf\u00fcmerie Bittel\",\"description\":\"\",\"publisher\":{\"@id\":\"https:\/\/kosmetik-schorndorf.com\/#organization\"},\"potentialAction\":[{\"@type\":\"SearchAction\",\"target\":{\"@type\":\"EntryPoint\",\"urlTemplate\":\"https:\/\/kosmetik-schorndorf.com\/?s={search_term_string}\"},\"query-input\":\"required name=search_term_string\"}],\"inLanguage\":\"de\"},{\"@type\":\"Organization\",\"@id\":\"https:\/\/kosmetik-schorndorf.com\/#organization\",\"name\":\"Kosmetik Schorndorf - AMICA Parf\u00fcmerie Bittel\",\"url\":\"https:\/\/kosmetik-schorndorf.com\/\",\"logo\":{\"@type\":\"ImageObject\",\"inLanguage\":\"de\",\"@id\":\"https:\/\/kosmetik-schorndorf.com\/#\/schema\/logo\/image\/\",\"url\":\"https:\/\/kosmetik-schorndorf.com\/wp-content\/uploads\/2021\/02\/cropped-Amica_Bittel_2c.jpg\",\"contentUrl\":\"https:\/\/kosmetik-schorndorf.com\/wp-content\/uploads\/2021\/02\/cropped-Amica_Bittel_2c.jpg\",\"width\":1392,\"height\":558,\"caption\":\"Kosmetik Schorndorf - AMICA Parf\u00fcmerie Bittel\"},\"image\":{\"@id\":\"https:\/\/kosmetik-schorndorf.com\/#\/schema\/logo\/image\/\"}}]}<\/script>\n<!-- \/ Yoast SEO plugin. -->","yoast_head_json":{"title":"Make-up Schorndorf","description":"Ihre Experten f\u00fcr professionelles Make-up in Schorndorf: Tages-Make-up, Typberatung, Braut Make-up und vieles mehr","robots":{"index":"index","follow":"follow","max-snippet":"max-snippet:-1","max-image-preview":"max-image-preview:large","max-video-preview":"max-video-preview:-1"},"canonical":"https:\/\/kosmetik-schorndorf.com\/?page_id=32","og_locale":"de_DE","og_type":"article","og_title":"Make-up Schorndorf","og_description":"Ihre Experten f\u00fcr professionelles Make-up in Schorndorf: Tages-Make-up, Typberatung, Braut Make-up und vieles mehr","og_url":"https:\/\/kosmetik-schorndorf.com\/?page_id=32","og_site_name":"Kosmetik Schorndorf - AMICA Parf\u00fcmerie Bittel","article_modified_time":"2024-01-22T16:06:22+00:00","og_image":[{"url":"https:\/\/kosmetik-schorndorf.com\/wp-content\/uploads\/2024\/01\/AdobeStock_336180390-Kopie.jpeg"}],"twitter_card":"summary_large_image","twitter_misc":{"Gesch\u00e4tzte Lesezeit":"2\u00a0Minuten"},"schema":{"@context":"https:\/\/schema.org","@graph":[{"@type":"WebPage","@id":"https:\/\/kosmetik-schorndorf.com\/?page_id=32","url":"https:\/\/kosmetik-schorndorf.com\/?page_id=32","name":"Make-up Schorndorf","isPartOf":{"@id":"https:\/\/kosmetik-schorndorf.com\/#website"},"datePublished":"2021-02-10T20:55:49+00:00","dateModified":"2024-01-22T16:06:22+00:00","description":"Ihre Experten f\u00fcr professionelles Make-up in Schorndorf: Tages-Make-up, Typberatung, Braut Make-up und vieles mehr","breadcrumb":{"@id":"https:\/\/kosmetik-schorndorf.com\/?page_id=32#breadcrumb"},"inLanguage":"de","potentialAction":[{"@type":"ReadAction","target":["https:\/\/kosmetik-schorndorf.com\/?page_id=32"]}]},{"@type":"BreadcrumbList","@id":"https:\/\/kosmetik-schorndorf.com\/?page_id=32#breadcrumb","itemListElement":[{"@type":"ListItem","position":1,"name":"Startseite","item":"https:\/\/kosmetik-schorndorf.com\/"},{"@type":"ListItem","position":2,"name":"Make-up"}]},{"@type":"WebSite","@id":"https:\/\/kosmetik-schorndorf.com\/#website","url":"https:\/\/kosmetik-schorndorf.com\/","name":"Kosmetik Schorndorf - AMICA Parf\u00fcmerie Bittel","description":"","publisher":{"@id":"https:\/\/kosmetik-schorndorf.com\/#organization"},"potentialAction":[{"@type":"SearchAction","target":{"@type":"EntryPoint","urlTemplate":"https:\/\/kosmetik-schorndorf.com\/?s={search_term_string}"},"query-input":"required name=search_term_string"}],"inLanguage":"de"},{"@type":"Organization","@id":"https:\/\/kosmetik-schorndorf.com\/#organization","name":"Kosmetik Schorndorf - AMICA Parf\u00fcmerie Bittel","url":"https:\/\/kosmetik-schorndorf.com\/","logo":{"@type":"ImageObject","inLanguage":"de","@id":"https:\/\/kosmetik-schorndorf.com\/#\/schema\/logo\/image\/","url":"https:\/\/kosmetik-schorndorf.com\/wp-content\/uploads\/2021\/02\/cropped-Amica_Bittel_2c.jpg","contentUrl":"https:\/\/kosmetik-schorndorf.com\/wp-content\/uploads\/2021\/02\/cropped-Amica_Bittel_2c.jpg","width":1392,"height":558,"caption":"Kosmetik Schorndorf - AMICA Parf\u00fcmerie Bittel"},"image":{"@id":"https:\/\/kosmetik-schorndorf.com\/#\/schema\/logo\/image\/"}}]}},"_links":{"self":[{"href":"https:\/\/kosmetik-schorndorf.com\/index.php?rest_route=\/wp\/v2\/pages\/32"}],"collection":[{"href":"https:\/\/kosmetik-schorndorf.com\/index.php?rest_route=\/wp\/v2\/pages"}],"about":[{"href":"https:\/\/kosmetik-schorndorf.com\/index.php?rest_route=\/wp\/v2\/types\/page"}],"author":[{"embeddable":true,"href":"https:\/\/kosmetik-schorndorf.com\/index.php?rest_route=\/wp\/v2\/users\/1"}],"replies":[{"embeddable":true,"href":"https:\/\/kosmetik-schorndorf.com\/index.php?rest_route=%2Fwp%2Fv2%2Fcomments&post=32"}],"version-history":[{"count":4,"href":"https:\/\/kosmetik-schorndorf.com\/index.php?rest_route=\/wp\/v2\/pages\/32\/revisions"}],"predecessor-version":[{"id":342,"href":"https:\/\/kosmetik-schorndorf.com\/index.php?rest_route=\/wp\/v2\/pages\/32\/revisions\/342"}],"wp:attachment":[{"href":"https:\/\/kosmetik-schorndorf.com\/index.php?rest_route=%2Fwp%2Fv2%2Fmedia&parent=32"}],"curies":[{"name":"wp","href":"https:\/\/api.w.org\/{rel}","templated":true}]}}