{"id":83,"date":"2021-03-13T15:49:23","date_gmt":"2021-03-13T15:49:23","guid":{"rendered":"http:\/\/kosmetik-schorndorf.com\/?page_id=83"},"modified":"2024-03-01T15:16:39","modified_gmt":"2024-03-01T15:16:39","slug":"parfuemerie-schorndorf","status":"publish","type":"page","link":"https:\/\/kosmetik-schorndorf.com\/?page_id=83","title":{"rendered":"\u00dcber uns &#8211; Ihre Parf\u00fcmerie Schorndorf"},"content":{"rendered":"\n<figure class=\"wp-block-image size-large\"><img decoding=\"async\" loading=\"lazy\" width=\"842\" height=\"698\" src=\"http:\/\/kosmetik-schorndorf.com\/wp-content\/uploads\/2021\/03\/e0b7bc30-5993-46c3-9ea4-58c0d17e944f-edited.jpg\" alt=\"Au\u00dfenansicht Parf\u00fcmerie Schorndorf\" class=\"wp-image-173\" srcset=\"https:\/\/kosmetik-schorndorf.com\/wp-content\/uploads\/2021\/03\/e0b7bc30-5993-46c3-9ea4-58c0d17e944f-edited.jpg 842w, https:\/\/kosmetik-schorndorf.com\/wp-content\/uploads\/2021\/03\/e0b7bc30-5993-46c3-9ea4-58c0d17e944f-edited-300x249.jpg 300w, https:\/\/kosmetik-schorndorf.com\/wp-content\/uploads\/2021\/03\/e0b7bc30-5993-46c3-9ea4-58c0d17e944f-edited-768x637.jpg 768w\" sizes=\"(max-width: 842px) 100vw, 842px\" \/><\/figure>\n\n\n\n<p>Die Parf\u00fcmerie und das <a href=\"http:\/\/kosmetik-schorndorf.com\/?page_id=29\">Kosmetikhaus <\/a>Sch\u00e4fer gibt es in Schorndorf bereits seit 52 Jahren. Zeitweise waren die Kosmetikexperten an mehreren Standorten in der Stadt vertreten. Am Marktplatz unter Parf\u00fcmerie am Markt und in der Gottlieb-Daimler-Stra\u00dfe am heutigen Standort. Nach dem Tod Ihres Mannes f\u00fchrte Doris Sch\u00e4fer das Unternehmen erfolgreich in der Gottlieb-Daimler-Stra\u00dfe weiter. <\/p>\n\n\n\n<p>Seit 2019 geh\u00f6rt die Parf\u00fcmerie in Schorndorf zur Gruppe der <a href=\"http:\/\/www.parfuemerie-amica.de\" target=\"_blank\" rel=\"noreferrer noopener\">AMICA Parf\u00fcmerien<\/a>. Bis heute sind Doris Sch\u00e4fer und das gewohnte Team f\u00fcr ihre Kunden da, im Verkauf wie auch in den Kosmetikkabinen. Am Geist des Unternehmens hat sich daher\u00a0nichts ge\u00e4ndert. Auch die AMICA Parf\u00fcmerien sind ein Familienunternehmen, das mit der gleichen Philosophie arbeitet: Pers\u00f6nlichkeit und individuelle\u00a0Beratung\u00a0sind f\u00fcr uns nach wie vor das Wichtigste. Die Sch\u00f6nheit bleibt in Schorndorf erhalten. <\/p>\n\n\n\n<h2>Im neuen Kleid<\/h2>\n\n\n\n<p>2020 \u00f6ffnet die Parf\u00fcmerie in Schorndorf nach einem Komplettumbau erneut ihre Pforten in schickem, modernen Kleid: Wir haben den Anspruch an unser Haus, Qualit\u00e4tsf\u00fchrer zu sein. Wir m\u00f6chten unseren Kunden ein optimales Einkaufserlebnis bieten. Durch die hochwertige neue Einrichtung und das luxuri\u00f6se Ambiente k\u00f6nnen wir auch zus\u00e4tzlich besondere Marken anbieten, die hohe Anspr\u00fcche an Ihre H\u00e4ndler haben und nur&nbsp;au\u00dfergew\u00f6hnliche&nbsp;Gesch\u00e4fte beliefern. In luxuri\u00f6ser Atmosph\u00e4re k\u00f6nnen sich sowohl unsere Stammkunden wohl f\u00fchlen, als auch frischer Wind f\u00fcr neue Kunden hereinkommen. Zudem konnten wir auch Platz f\u00fcr tolle neue Marken schaffen, die bisher in&nbsp;Schorndorf nicht erh\u00e4ltlich&nbsp;waren.&nbsp;<\/p>\n\n\n\n<h2>Angebot<\/h2>\n\n\n\n<p>Wie gewohnt bieten wir sowohl die Dienstleistung in der oberen Etage bei unseren erfahrenen <a href=\"http:\/\/kosmetik-schorndorf.com\/?page_id=37\">Kosmetikerinnen<\/a> an, als auch die exklusive Parf\u00fcmerieauswahl auf der Ladenfl\u00e4che im Erdgeschoss. D\u00fcfte, Pflege f\u00fcr K\u00f6rper und Gesicht sowohl f\u00fcr Herren als aus f\u00fcr Damen, sowie ein umfangreiches Sortiment an dekorativer Kosmetik.<\/p>\n\n\n\n<p>Beispielsweise die internationale <a href=\"http:\/\/kosmetik-schorndorf.com\/?page_id=32\">Make-up<\/a> Marke Ga-de ist mit uns nun neu in Schorndorf vertreten. Auch im Pflegebereich k\u00f6nnen wir nun unser Sortiment um&nbsp;hochwertige&nbsp;Marken wir Juvena und Declare erweitern. Auch ein umfangreiches Sortiment der Marke Dior ist nun Teil unseres Sortiments.<\/p>\n\n\n\n<h2>\u00dcber die AMICA Gruppe<\/h2>\n\n\n\n<p>AMICA Parf\u00fcmerien sind ein <a href=\"https:\/\/www.parfuemerie-amica.de\/unsere-story\/\" target=\"_blank\" rel=\"noreferrer noopener\">Verbund zweier regional bekannter, erfolgreicher Familienunternehmer<\/a>. Die Gruppe vereint inzwischen 24 Standorte im Raum Baden-W\u00fcrttemberg und mit Kempten den ersten Standort in Bayern unter einem Logo. Sie besch\u00e4ftigt insgesamt circa 200 Mitarbeiter. Damit k\u00f6nnen die inhabergef\u00fchrten Parf\u00fcmerien die Vorteile eines gro\u00dfen Anbieters mit dem Service und der Kundenorientierung eines privat gef\u00fchrten Unternehmens verbinden.&nbsp;<\/p>\n\n\n\n<p>Die <a href=\"https:\/\/www.parfuemerie-amica.de\/parfuemerien-bittel-2\/\" target=\"_blank\" rel=\"noreferrer noopener\">Parf\u00fcmerie Bittel<\/a><a href=\"https:\/\/www.parfuemerie-amica.de\/\" target=\"_blank\" rel=\"noreferrer noopener\"> <\/a>existiert seit 1928 und ging aus der Drogerie Weber hervor. Herbert Bittel baute das Ravensburger Unternehmen und auch die ersten Filialen in Wangen und Leutkirch auf. Heute wird das Unternehmen gef\u00fchrt von seinem Sohn Simon Bittel, der seit nunmehr 10 Jahren f\u00fcr eine erfolgreiche Unternehmensentwicklung verantwortlich zeichnet. Das Familienunternehmen legt gro\u00dfen Wert auf stilvolles Ambiente, fachkundige Beratung und attraktive Angebote.<\/p>\n","protected":false},"excerpt":{"rendered":"<p>Die Parf\u00fcmerie und das Kosmetikhaus Sch\u00e4fer gibt es in Schorndorf bereits seit 52 Jahren. Zeitweise waren die Kosmetikexperten an mehreren Standorten in der Stadt vertreten. Am Marktplatz unter Parf\u00fcmerie am Markt und in der Gottlieb-Daimler-Stra\u00dfe am heutigen Standort. Nach dem Tod Ihres Mannes f\u00fchrte Doris Sch\u00e4fer das Unternehmen erfolgreich in der Gottlieb-Daimler-Stra\u00dfe weiter. Seit 2019 [&hellip;]<\/p>\n","protected":false},"author":1,"featured_media":84,"parent":0,"menu_order":0,"comment_status":"closed","ping_status":"closed","template":"","meta":{"_mi_skip_tracking":false},"yoast_head":"<!-- This site is optimized with the Yoast SEO plugin v20.1 - https:\/\/yoast.com\/wordpress\/plugins\/seo\/ -->\n<title>AMICA Parf\u00fcmerie Bittel in Schorndorf - Ihr Kosmetikhaus<\/title>\n<meta name=\"description\" content=\"Kosmetik, Pflege, Duft, Make-up und gute Beratung bekommen Sie bei AMICA Parf\u00fcmerie Bittel und Kosmetikhaus Sch\u00e4fer in Schorndorf\" \/>\n<meta name=\"robots\" content=\"index, follow, max-snippet:-1, max-image-preview:large, max-video-preview:-1\" \/>\n<link rel=\"canonical\" href=\"https:\/\/kosmetik-schorndorf.com\/?page_id=83\" \/>\n<meta property=\"og:locale\" content=\"de_DE\" \/>\n<meta property=\"og:type\" content=\"article\" \/>\n<meta property=\"og:title\" content=\"AMICA Parf\u00fcmerie Bittel in Schorndorf - Ihr Kosmetikhaus\" \/>\n<meta property=\"og:description\" content=\"Kosmetik, Pflege, Duft, Make-up und gute Beratung bekommen Sie bei AMICA Parf\u00fcmerie Bittel und Kosmetikhaus Sch\u00e4fer in Schorndorf\" \/>\n<meta property=\"og:url\" content=\"https:\/\/kosmetik-schorndorf.com\/?page_id=83\" \/>\n<meta property=\"og:site_name\" content=\"Kosmetik Schorndorf - AMICA Parf\u00fcmerie Bittel\" \/>\n<meta property=\"article:modified_time\" content=\"2024-03-01T15:16:39+00:00\" \/>\n<meta property=\"og:image\" content=\"http:\/\/kosmetik-schorndorf.com\/wp-content\/uploads\/2021\/03\/e0b7bc30-5993-46c3-9ea4-58c0d17e944f.jpg\" \/>\n\t<meta property=\"og:image:width\" content=\"928\" \/>\n\t<meta property=\"og:image:height\" content=\"768\" \/>\n\t<meta property=\"og:image:type\" content=\"image\/jpeg\" \/>\n<meta name=\"twitter:card\" content=\"summary_large_image\" \/>\n<meta name=\"twitter:label1\" content=\"Gesch\u00e4tzte Lesezeit\" \/>\n\t<meta name=\"twitter:data1\" content=\"3\u00a0Minuten\" \/>\n<script type=\"application\/ld+json\" class=\"yoast-schema-graph\">{\"@context\":\"https:\/\/schema.org\",\"@graph\":[{\"@type\":\"WebPage\",\"@id\":\"https:\/\/kosmetik-schorndorf.com\/?page_id=83\",\"url\":\"https:\/\/kosmetik-schorndorf.com\/?page_id=83\",\"name\":\"AMICA Parf\u00fcmerie Bittel in Schorndorf - Ihr Kosmetikhaus\",\"isPartOf\":{\"@id\":\"https:\/\/kosmetik-schorndorf.com\/#website\"},\"datePublished\":\"2021-03-13T15:49:23+00:00\",\"dateModified\":\"2024-03-01T15:16:39+00:00\",\"description\":\"Kosmetik, Pflege, Duft, Make-up und gute Beratung bekommen Sie bei AMICA Parf\u00fcmerie Bittel und Kosmetikhaus Sch\u00e4fer in Schorndorf\",\"breadcrumb\":{\"@id\":\"https:\/\/kosmetik-schorndorf.com\/?page_id=83#breadcrumb\"},\"inLanguage\":\"de\",\"potentialAction\":[{\"@type\":\"ReadAction\",\"target\":[\"https:\/\/kosmetik-schorndorf.com\/?page_id=83\"]}]},{\"@type\":\"BreadcrumbList\",\"@id\":\"https:\/\/kosmetik-schorndorf.com\/?page_id=83#breadcrumb\",\"itemListElement\":[{\"@type\":\"ListItem\",\"position\":1,\"name\":\"Startseite\",\"item\":\"https:\/\/kosmetik-schorndorf.com\/\"},{\"@type\":\"ListItem\",\"position\":2,\"name\":\"\u00dcber uns &#8211; Ihre Parf\u00fcmerie Schorndorf\"}]},{\"@type\":\"WebSite\",\"@id\":\"https:\/\/kosmetik-schorndorf.com\/#website\",\"url\":\"https:\/\/kosmetik-schorndorf.com\/\",\"name\":\"Kosmetik Schorndorf - AMICA Parf\u00fcmerie Bittel\",\"description\":\"\",\"publisher\":{\"@id\":\"https:\/\/kosmetik-schorndorf.com\/#organization\"},\"potentialAction\":[{\"@type\":\"SearchAction\",\"target\":{\"@type\":\"EntryPoint\",\"urlTemplate\":\"https:\/\/kosmetik-schorndorf.com\/?s={search_term_string}\"},\"query-input\":\"required name=search_term_string\"}],\"inLanguage\":\"de\"},{\"@type\":\"Organization\",\"@id\":\"https:\/\/kosmetik-schorndorf.com\/#organization\",\"name\":\"Kosmetik Schorndorf - AMICA Parf\u00fcmerie Bittel\",\"url\":\"https:\/\/kosmetik-schorndorf.com\/\",\"logo\":{\"@type\":\"ImageObject\",\"inLanguage\":\"de\",\"@id\":\"https:\/\/kosmetik-schorndorf.com\/#\/schema\/logo\/image\/\",\"url\":\"https:\/\/kosmetik-schorndorf.com\/wp-content\/uploads\/2021\/02\/cropped-Amica_Bittel_2c.jpg\",\"contentUrl\":\"https:\/\/kosmetik-schorndorf.com\/wp-content\/uploads\/2021\/02\/cropped-Amica_Bittel_2c.jpg\",\"width\":1392,\"height\":558,\"caption\":\"Kosmetik Schorndorf - AMICA Parf\u00fcmerie Bittel\"},\"image\":{\"@id\":\"https:\/\/kosmetik-schorndorf.com\/#\/schema\/logo\/image\/\"}}]}<\/script>\n<!-- \/ Yoast SEO plugin. -->","yoast_head_json":{"title":"AMICA Parf\u00fcmerie Bittel in Schorndorf - Ihr Kosmetikhaus","description":"Kosmetik, Pflege, Duft, Make-up und gute Beratung bekommen Sie bei AMICA Parf\u00fcmerie Bittel und Kosmetikhaus Sch\u00e4fer in Schorndorf","robots":{"index":"index","follow":"follow","max-snippet":"max-snippet:-1","max-image-preview":"max-image-preview:large","max-video-preview":"max-video-preview:-1"},"canonical":"https:\/\/kosmetik-schorndorf.com\/?page_id=83","og_locale":"de_DE","og_type":"article","og_title":"AMICA Parf\u00fcmerie Bittel in Schorndorf - Ihr Kosmetikhaus","og_description":"Kosmetik, Pflege, Duft, Make-up und gute Beratung bekommen Sie bei AMICA Parf\u00fcmerie Bittel und Kosmetikhaus Sch\u00e4fer in Schorndorf","og_url":"https:\/\/kosmetik-schorndorf.com\/?page_id=83","og_site_name":"Kosmetik Schorndorf - AMICA Parf\u00fcmerie Bittel","article_modified_time":"2024-03-01T15:16:39+00:00","og_image":[{"width":928,"height":768,"url":"http:\/\/kosmetik-schorndorf.com\/wp-content\/uploads\/2021\/03\/e0b7bc30-5993-46c3-9ea4-58c0d17e944f.jpg","type":"image\/jpeg"}],"twitter_card":"summary_large_image","twitter_misc":{"Gesch\u00e4tzte Lesezeit":"3\u00a0Minuten"},"schema":{"@context":"https:\/\/schema.org","@graph":[{"@type":"WebPage","@id":"https:\/\/kosmetik-schorndorf.com\/?page_id=83","url":"https:\/\/kosmetik-schorndorf.com\/?page_id=83","name":"AMICA Parf\u00fcmerie Bittel in Schorndorf - Ihr Kosmetikhaus","isPartOf":{"@id":"https:\/\/kosmetik-schorndorf.com\/#website"},"datePublished":"2021-03-13T15:49:23+00:00","dateModified":"2024-03-01T15:16:39+00:00","description":"Kosmetik, Pflege, Duft, Make-up und gute Beratung bekommen Sie bei AMICA Parf\u00fcmerie Bittel und Kosmetikhaus Sch\u00e4fer in Schorndorf","breadcrumb":{"@id":"https:\/\/kosmetik-schorndorf.com\/?page_id=83#breadcrumb"},"inLanguage":"de","potentialAction":[{"@type":"ReadAction","target":["https:\/\/kosmetik-schorndorf.com\/?page_id=83"]}]},{"@type":"BreadcrumbList","@id":"https:\/\/kosmetik-schorndorf.com\/?page_id=83#breadcrumb","itemListElement":[{"@type":"ListItem","position":1,"name":"Startseite","item":"https:\/\/kosmetik-schorndorf.com\/"},{"@type":"ListItem","position":2,"name":"\u00dcber uns &#8211; Ihre Parf\u00fcmerie Schorndorf"}]},{"@type":"WebSite","@id":"https:\/\/kosmetik-schorndorf.com\/#website","url":"https:\/\/kosmetik-schorndorf.com\/","name":"Kosmetik Schorndorf - AMICA Parf\u00fcmerie Bittel","description":"","publisher":{"@id":"https:\/\/kosmetik-schorndorf.com\/#organization"},"potentialAction":[{"@type":"SearchAction","target":{"@type":"EntryPoint","urlTemplate":"https:\/\/kosmetik-schorndorf.com\/?s={search_term_string}"},"query-input":"required name=search_term_string"}],"inLanguage":"de"},{"@type":"Organization","@id":"https:\/\/kosmetik-schorndorf.com\/#organization","name":"Kosmetik Schorndorf - AMICA Parf\u00fcmerie Bittel","url":"https:\/\/kosmetik-schorndorf.com\/","logo":{"@type":"ImageObject","inLanguage":"de","@id":"https:\/\/kosmetik-schorndorf.com\/#\/schema\/logo\/image\/","url":"https:\/\/kosmetik-schorndorf.com\/wp-content\/uploads\/2021\/02\/cropped-Amica_Bittel_2c.jpg","contentUrl":"https:\/\/kosmetik-schorndorf.com\/wp-content\/uploads\/2021\/02\/cropped-Amica_Bittel_2c.jpg","width":1392,"height":558,"caption":"Kosmetik Schorndorf - AMICA Parf\u00fcmerie Bittel"},"image":{"@id":"https:\/\/kosmetik-schorndorf.com\/#\/schema\/logo\/image\/"}}]}},"_links":{"self":[{"href":"https:\/\/kosmetik-schorndorf.com\/index.php?rest_route=\/wp\/v2\/pages\/83"}],"collection":[{"href":"https:\/\/kosmetik-schorndorf.com\/index.php?rest_route=\/wp\/v2\/pages"}],"about":[{"href":"https:\/\/kosmetik-schorndorf.com\/index.php?rest_route=\/wp\/v2\/types\/page"}],"author":[{"embeddable":true,"href":"https:\/\/kosmetik-schorndorf.com\/index.php?rest_route=\/wp\/v2\/users\/1"}],"replies":[{"embeddable":true,"href":"https:\/\/kosmetik-schorndorf.com\/index.php?rest_route=%2Fwp%2Fv2%2Fcomments&post=83"}],"version-history":[{"count":6,"href":"https:\/\/kosmetik-schorndorf.com\/index.php?rest_route=\/wp\/v2\/pages\/83\/revisions"}],"predecessor-version":[{"id":360,"href":"https:\/\/kosmetik-schorndorf.com\/index.php?rest_route=\/wp\/v2\/pages\/83\/revisions\/360"}],"wp:featuredmedia":[{"embeddable":true,"href":"https:\/\/kosmetik-schorndorf.com\/index.php?rest_route=\/wp\/v2\/media\/84"}],"wp:attachment":[{"href":"https:\/\/kosmetik-schorndorf.com\/index.php?rest_route=%2Fwp%2Fv2%2Fmedia&parent=83"}],"curies":[{"name":"wp","href":"https:\/\/api.w.org\/{rel}","templated":true}]}}